{"id":1894,"date":"2024-11-12T09:35:04","date_gmt":"2024-11-12T08:35:04","guid":{"rendered":"https:\/\/jujutsu-rebecq.be\/?page_id=1894"},"modified":"2025-10-13T14:07:47","modified_gmt":"2025-10-13T12:07:47","slug":"tarifs-3","status":"publish","type":"page","link":"https:\/\/jujutsu-rebecq.be\/index.php\/tarifs-3\/","title":{"rendered":"Tarifs"},"content":{"rendered":"\n<p>&#8230;<\/p>\n\n\n\n<figure class=\"wp-block-table\"><table class=\"has-fixed-layout\"><tbody><tr><th>\/<\/th><th colspan=\"2\">Ju-Jutsu<\/th><th>Ko-Bu-Jutsu<\/th><\/tr><tr><td><\/td><td><strong>Adultes<\/strong><br>(\u00e0 partir de 13 ans)<\/td><td><strong>Enfants<br><\/strong>(7 &#8211; 12 ans)<\/td><td><strong>Adultes<br><\/strong>(\u00e0 partir de 15 ans)<\/td><\/tr><tr><td><strong>Inscription<br><\/strong>(une seule fois, peu importe la section)<\/td><td>10\u20ac<\/td><td>10\u20ac<\/td><td>10\u20ac<\/td><\/tr><tr><td><strong>Renouvellement assurance<\/strong><br>(renouvelable annuellement)<\/td><td>35\u20ac<\/td><td>25\u20ac<\/td><td>35\u20ac<\/td><\/tr><tr><td><strong>Abonnement mensuel<\/strong><\/td><td>30\u20ac<\/td><td>22\u20ac<\/td><td>15\u20ac<\/td><\/tr><tr><td><strong>Abonnement 2 x par an<\/strong><br>(du 01\/09 au 30\/01 et du 01\/02 au 30\/06)<\/td><td>135\u20ac<\/td><td>105\u20ac<\/td><td>60\u20ac<\/td><\/tr><tr><td><strong>Abonnement annuel<\/strong><\/td><td>250 \u20ac<\/td><td>200\u20ac<\/td><td>100\u20ac<\/td><\/tr><\/tbody><\/table><\/figure>\n\n\n\n<p>Les paiements sont \u00e0 effectuer pour le 1er vendredi du mois de pr\u00e9f\u00e9rence sur le compte du club <strong><mark style=\"background-color:rgba(0, 0, 0, 0)\" class=\"has-inline-color has-accent-color\">(communication : nom de l&#8217;\u00e9l\u00e8ve + p\u00e9riode)<\/mark><\/strong> :<\/p>\n\n\n\n<h3 class=\"wp-block-heading\"><mark style=\"background-color:rgba(0, 0, 0, 0)\" class=\"has-inline-color has-accent-color\">IBAN BE88 0020 1427 7041<\/mark><\/h3>\n\n\n\n<p>Pour raisons administratives, les cours hors abonnement seront factur\u00e9s au tarif de 5\u20ac.<\/p>\n\n\n\n<p><\/p>\n","protected":false},"excerpt":{"rendered":"<p>&#8230; \/ Ju-Jutsu Ko-Bu-Jutsu Adultes(\u00e0 partir de 13 ans) Enfants(7 &#8211; 12 ans) Adultes(\u00e0 partir de 15 ans) Inscription(une seule fois, peu importe la section) 10\u20ac 10\u20ac 10\u20ac Renouvellement assurance(renouvelable annuellement) 35\u20ac 25\u20ac 35\u20ac Abonnement mensuel 30\u20ac 22\u20ac 15\u20ac Abonnement 2 x par an(du 01\/09 au 30\/01 et du 01\/02 au 30\/06) 135\u20ac 105\u20ac 60\u20ac [&hellip;]<\/p>\n","protected":false},"author":1,"featured_media":0,"parent":0,"menu_order":0,"comment_status":"closed","ping_status":"closed","template":"","meta":{"footnotes":""},"class_list":["post-1894","page","type-page","status-publish","hentry"],"_links":{"self":[{"href":"https:\/\/jujutsu-rebecq.be\/index.php\/wp-json\/wp\/v2\/pages\/1894","targetHints":{"allow":["GET"]}}],"collection":[{"href":"https:\/\/jujutsu-rebecq.be\/index.php\/wp-json\/wp\/v2\/pages"}],"about":[{"href":"https:\/\/jujutsu-rebecq.be\/index.php\/wp-json\/wp\/v2\/types\/page"}],"author":[{"embeddable":true,"href":"https:\/\/jujutsu-rebecq.be\/index.php\/wp-json\/wp\/v2\/users\/1"}],"replies":[{"embeddable":true,"href":"https:\/\/jujutsu-rebecq.be\/index.php\/wp-json\/wp\/v2\/comments?post=1894"}],"version-history":[{"count":2,"href":"https:\/\/jujutsu-rebecq.be\/index.php\/wp-json\/wp\/v2\/pages\/1894\/revisions"}],"predecessor-version":[{"id":1939,"href":"https:\/\/jujutsu-rebecq.be\/index.php\/wp-json\/wp\/v2\/pages\/1894\/revisions\/1939"}],"wp:attachment":[{"href":"https:\/\/jujutsu-rebecq.be\/index.php\/wp-json\/wp\/v2\/media?parent=1894"}],"curies":[{"name":"wp","href":"https:\/\/api.w.org\/{rel}","templated":true}]}}