{"id":52,"date":"2015-06-11T15:56:40","date_gmt":"2015-06-11T13:56:40","guid":{"rendered":"http:\/\/localhost:8080\/wordpress\/?page_id=52"},"modified":"2024-11-12T10:00:27","modified_gmt":"2024-11-12T09:00:27","slug":"attitude-au-dojo","status":"publish","type":"page","link":"https:\/\/jujutsu-rebecq.be\/index.php\/attitude-au-dojo\/","title":{"rendered":"Attitude au dojo"},"content":{"rendered":"<h1 align=\"center\">DOJO &#8211; KUN<\/h1>\n<h1 align=\"center\"><strong>REGLES EN USAGE DANS UN DOJO<\/strong><\/h1>\n<p style=\"text-align: justify;\" align=\"justify\">Le dojo est un lieu d&#8217;\u00e9tude, de travail et d&#8217;\u00e9changes. Une attitude empreinte de s\u00e9rieux et de respect est n\u00e9cessaire au progr\u00e8s. Les pratiquants de Ju-Jutsu et de Ko-Bu-Jutsu doivent mettre un point d&#8217;honneur \u00e0 suivre toutes les recommandations \u00e9num\u00e9r\u00e9es ci-apr\u00e8s, qui conditionnent le bien-\u00eatre de tous les membres :<\/p>\n<p align=\"center\"><em><strong>RESPECT DES LIEUX<\/strong><\/em><\/p>\n<p style=\"text-align: justify;\" align=\"left\">L&#8217;arriv\u00e9e dans le dojo et le d\u00e9part du dojo sont marqu\u00e9s par le salut en direction du kamiza.<br \/>\nChaque fois que l&#8217;on monte sur le tatami ou que l&#8217;on en descend, il faut saluer en direction du kamiza.<br \/>\nSur le tatami, si l&#8217;on ne pratique pas, soit parce que l&#8217;on est fatigu\u00e9 ou indispos\u00e9, il faut s&#8217;asseoir \u00e0 sa place habituelle en seiza ou en tailleur.<br \/>\nLe dojo sera laiss\u00e9 en ordre et dans le plus grand \u00e9tat de propret\u00e9 (y compris les vestiaires et sanitaires).<br \/>\nA la fin du cours, bouteilles vides et autres emballages ou d\u00e9chets seront d\u00e9pos\u00e9s dans la poubelle, \u00e0 l&#8217;entr\u00e9e du dojo, et non pas abandonn\u00e9s sur les tablettes des fen\u00eatres, les tables ou ailleurs.<br \/>\nPour se d\u00e9placer hors du tatami, il est fortement recommand\u00e9 de se munir d&#8217;une paire de Zori.<\/p>\n<p align=\"center\"><em><strong>RESPECT DES PERSONNES<\/strong><\/em><\/p>\n<p style=\"text-align: justify;\">Au d\u00e9but et en fin de s\u00e9ance, \u00e9l\u00e8ves et professeur se saluent, dans le respect des r\u00e8gles du Reigi-Saho.<br \/>\nIl faut saluer son partenaire avant et apr\u00e8s chaque exercice.<br \/>\nIl faut saluer le sensei ou les sempai pour les remercier des explications donn\u00e9es.<br \/>\nL&#8217;autorisation du professeur est n\u00e9cessaire pour quitter le tatami.<\/p>\n<p align=\"center\"><em><strong>ENTRAIDE ET SOLIDARITE<\/strong><\/em><\/p>\n<p>Les plus grad\u00e9s ont le devoir de servir et d&#8217;aider les moins avanc\u00e9s et il convient d&#8217;\u00e9couter leurs conseils avec attention.<br \/>\nChacun doit aider son partenaire \u00e0 progresser et ne pas \u00eatre pour lui une cause de g\u00eane ou de d\u00e9sagr\u00e9ment.<br \/>\nIl faut s&#8217;entra\u00eener avec tout le monde sans distinction.<\/p>\n<p align=\"center\"><em><strong>POLITESSE<\/strong><\/em><\/p>\n<p>Il est important de se comporter avec discr\u00e9tion et donc de ne pas parler \u00e0 haute voix.<br \/>\nLorsque l&#8217;on ne pratique pas, il faut \u00eatre attentif \u00e0 l&#8217;enseignement donn\u00e9.<br \/>\nIl convient de ne se d\u00e9v\u00eatir que dans les vestiaires.<\/p>\n<p align=\"center\"><em><strong>PONCTUALITE ET ASSIDUITE<\/strong><\/em><\/p>\n<p>Il faut \u00eatre ponctuel et respecter les horaires de d\u00e9but et fin de cours.<br \/>\nSi l&#8217;on est en retard :<\/p>\n<ol>\n<li>on ex\u00e9cute vingt pompes \u00e0 l&#8217;entr\u00e9e du dojo ;<\/li>\n<li>on adopte ensuite la position seiza sur le bord du tatami et on attend l&#8217;aval du professeur avant de monter sur le tatami ;<\/li>\n<li>on s&#8217;excuse du retard aupr\u00e8s du professeur.<\/li>\n<\/ol>\n<p>La pers\u00e9v\u00e9rance et l&#8217;assiduit\u00e9 sont n\u00e9cessaires \u00e0 tout progr\u00e8s s\u00e9rieux.<\/p>\n<p align=\"center\"><em><strong>HYGIENE &#8211; SECURITE<\/strong><\/em><\/p>\n<p>Avoir un corps et un jujutsu-gi propres, c&#8217;est se respecter et respecter les autres.<br \/>\nLes ongles des mains et des pieds doivent \u00eatre propres et coup\u00e9s courts (des ongles longs et sales peuvent occasionner des blessures et de l&#8217;infection).<br \/>\nIl ne faut pas marcher pieds nus hors du tatami.<br \/>\nIl ne faut pas mastiquer de chewing-gum ou de bonbons pendant les cours pour \u00e9viter une obstruction des voies respiratoires.<br \/>\nAvant de monter sur le tatami, il faut enlever montre, bracelets, colliers, bagues et autres bijoux afin d&#8217;\u00e9viter les blessures.<br \/>\nLe port d&#8217;un t-shirt (ou body) <em>blanc (noir pour ko-bu-jutsu) <\/em>(toute autre couleur est proscrite) sous le jujutsu-gi est obligatoire pour les femmes et les jeunes filles ; il est tol\u00e9r\u00e9 pour les hommes et les jeunes gar\u00e7ons.<br \/>\nSur le tatami, le port de chaussettes est interdit mais le port de chaussures adapt\u00e9es est autoris\u00e9 d\u00e8s lors qu&#8217;elles sont exclusivement utilis\u00e9es dans le dojo.<br \/>\nUne bonne hygi\u00e8ne de vie est n\u00e9cessaire \u00e0 l&#8217;harmonie de l&#8217;\u00eatre humain.<\/p>\n<p align=\"center\"><em><strong>CONVIVIALITE ET AMITIE<\/strong><\/em><\/p>\n<p>La courtoisie et la convivialit\u00e9 favorisent l&#8217;\u00e9closion de liens amicaux privil\u00e9gi\u00e9s.<br \/>\nLe Ju-Jutsu et le Ko-Bu-Jutsu doivent donc \u00eatre pratiqu\u00e9s dans la joie.<\/p>\n<p align=\"center\">Les qualit\u00e9s d&#8217;un bon pratiquant sont :<\/p>\n<p align=\"center\"><strong><em>La motivation<\/em><\/strong><br \/>\n<strong><em>L&#8217;amour du travail<\/em><\/strong><br \/>\n<strong><em>L&#8217;assiduit\u00e9<\/em><\/strong><br \/>\n<strong><em>La ponctualit\u00e9<\/em><\/strong><br \/>\n<strong><em>L&#8217;humilit\u00e9<\/em><\/strong><br \/>\n<strong><em>La capacit\u00e9 de se remettre en question<\/em><\/strong><br \/>\n<strong><em>Le respect de la hi\u00e9rarchie, des lieux et du rituel<\/em><\/strong><br \/>\n<strong><em>Le respect de soi et des partenaires<\/em><\/strong><br \/>\n<strong><em>La capacit\u00e9 d&#8217;accepter les consignes et les remarques<\/em><\/strong><br \/>\n<strong><em>L&#8217;envie de progresser sur la Voie<\/em><\/strong><\/p>\n<p align=\"center\"><strong>Le Comit\u00e9 d&#8217;encadrement et des f\u00eates du Ju-Jutsu et Ko-Bu-Jutsu Club Rebecq<\/strong><\/p>\n","protected":false},"excerpt":{"rendered":"<p>DOJO &#8211; KUN REGLES EN USAGE DANS UN DOJO Le dojo est un lieu d&#8217;\u00e9tude, de travail et d&#8217;\u00e9changes. Une attitude empreinte de s\u00e9rieux et de respect est n\u00e9cessaire au progr\u00e8s. Les pratiquants de Ju-Jutsu et de Ko-Bu-Jutsu doivent mettre un point d&#8217;honneur \u00e0 suivre toutes les recommandations \u00e9num\u00e9r\u00e9es ci-apr\u00e8s, qui conditionnent le bien-\u00eatre de [&hellip;]<\/p>\n","protected":false},"author":1,"featured_media":0,"parent":0,"menu_order":4,"comment_status":"closed","ping_status":"open","template":"","meta":{"footnotes":""},"class_list":["post-52","page","type-page","status-publish","hentry"],"_links":{"self":[{"href":"https:\/\/jujutsu-rebecq.be\/index.php\/wp-json\/wp\/v2\/pages\/52","targetHints":{"allow":["GET"]}}],"collection":[{"href":"https:\/\/jujutsu-rebecq.be\/index.php\/wp-json\/wp\/v2\/pages"}],"about":[{"href":"https:\/\/jujutsu-rebecq.be\/index.php\/wp-json\/wp\/v2\/types\/page"}],"author":[{"embeddable":true,"href":"https:\/\/jujutsu-rebecq.be\/index.php\/wp-json\/wp\/v2\/users\/1"}],"replies":[{"embeddable":true,"href":"https:\/\/jujutsu-rebecq.be\/index.php\/wp-json\/wp\/v2\/comments?post=52"}],"version-history":[{"count":1,"href":"https:\/\/jujutsu-rebecq.be\/index.php\/wp-json\/wp\/v2\/pages\/52\/revisions"}],"predecessor-version":[{"id":1544,"href":"https:\/\/jujutsu-rebecq.be\/index.php\/wp-json\/wp\/v2\/pages\/52\/revisions\/1544"}],"wp:attachment":[{"href":"https:\/\/jujutsu-rebecq.be\/index.php\/wp-json\/wp\/v2\/media?parent=52"}],"curies":[{"name":"wp","href":"https:\/\/api.w.org\/{rel}","templated":true}]}}