{"id":54,"date":"2015-06-11T15:57:01","date_gmt":"2015-06-11T13:57:01","guid":{"rendered":"http:\/\/localhost:8080\/wordpress\/?page_id=54"},"modified":"2024-11-12T10:00:27","modified_gmt":"2024-11-12T09:00:27","slug":"code-dhonneur","status":"publish","type":"page","link":"https:\/\/jujutsu-rebecq.be\/index.php\/code-dhonneur\/","title":{"rendered":"Code d&#8217;honneur"},"content":{"rendered":"<h2 style=\"text-align: center;\">CODE D&#8217;HONNEUR DU PRATIQUANT<br \/>\nDE JU-JUTSU ET DE KO-BU-JUTSU<\/h2>\n<p>&nbsp;<\/p>\n<ol>\n<li><span lang=\"FR-BE\" xml:lang=\"FR-BE\">Je ne d\u00e9tiens pas la v\u00e9rit\u00e9 dans mon art. <\/span><\/li>\n<li><span lang=\"FR-BE\" xml:lang=\"FR-BE\">Modeste chercheur et pratiquant, j&#8217;ai conscience de mes imperfections.<\/span><\/li>\n<li><span lang=\"FR-BE\" xml:lang=\"FR-BE\">Je donne le meilleur de moi-m\u00eame, pour mieux recevoir et mieux comprendre.<\/span><\/li>\n<li><span lang=\"FR-BE\" xml:lang=\"FR-BE\">Je m&#8217;inspire des meilleurs tout en agissant de mani\u00e8re personnelle.<\/span><\/li>\n<li><span lang=\"FR-BE\" xml:lang=\"FR-BE\">Je fais preuve d&#8217;humilit\u00e9 et d&#8217;abn\u00e9gation.<\/span><\/li>\n<li><span lang=\"FR-BE\" xml:lang=\"FR-BE\">Je cherche \u00e0 approfondir mes techniques et \u00e0 ma\u00eetriser mon corps pour atteindre la sagesse de l&#8217;esprit.<\/span><\/li>\n<li><span lang=\"FR-BE\" xml:lang=\"FR-BE\">Je suis conscient d&#8217;avoir besoin des autres pour progresser sur la Voie.<\/span><\/li>\n<li><span lang=\"FR-BE\" xml:lang=\"FR-BE\">Tout homme de bonne volont\u00e9 est un compagnon de route, non un rival.<\/span><\/li>\n<li><span lang=\"FR-BE\" xml:lang=\"FR-BE\">Je ne dois pas dire \u00e0 un autre pratiquant qu&#8217;il a tort, mais lui apporter un avis diff\u00e9rent.<\/span><\/li>\n<li><span lang=\"FR-BE\" xml:lang=\"FR-BE\">Les \u00e9changes d&#8217;id\u00e9es sont calmes et courtois.<\/span><\/li>\n<li><span lang=\"FR-BE\" xml:lang=\"FR-BE\">J&#8217;applique la devise <em>\u00ab savoir faire avant de faire savoir \u00bb<\/em>.<\/span><\/li>\n<li><span lang=\"FR-BE\" xml:lang=\"FR-BE\">Je dois aider tout pratiquant en difficult\u00e9.<\/span><\/li>\n<li><span lang=\"FR-BE\" xml:lang=\"FR-BE\">Je respecte les traditions des arts martiaux.<\/span><\/li>\n<li><span lang=\"FR-BE\" xml:lang=\"FR-BE\">Je respecte les autres styles, \u00e9coles et Ma\u00eetres.<\/span><\/li>\n<li><span lang=\"FR-BE\" xml:lang=\"FR-BE\">Je t\u00e9moigne le plus grand respect aux anciens.<\/span><\/li>\n<li><span lang=\"FR-BE\" xml:lang=\"FR-BE\">Ma vocation est d&#8217;aider les plus faibles.<\/span><\/li>\n<li><span lang=\"FR-BE\" xml:lang=\"FR-BE\">Je suis contre l&#8217;intol\u00e9rance, l&#8217;iniquit\u00e9, le mensonge, la perversit\u00e9 et la haine.<\/span><\/li>\n<li><span lang=\"FR-BE\" xml:lang=\"FR-BE\">Je suis simple et naturel, rejetant l&#8217;artificiel et l&#8217;excessif.<\/span><\/li>\n<li><span lang=\"FR-BE\" xml:lang=\"FR-BE\">La raison est mon seul guide contre le doute, la cupidit\u00e9 et l&#8217;obscurantisme.<\/span><\/li>\n<li><span lang=\"FR-BE\" xml:lang=\"FR-BE\">Je cherche \u00e0 \u00eatre fort pour \u00eatre utile.<\/span><\/li>\n<li><span lang=\"FR-BE\" xml:lang=\"FR-BE\">Le respect de la parole donn\u00e9e est sacr\u00e9.<\/span><\/li>\n<li><span lang=\"FR-BE\" xml:lang=\"FR-BE\">\u00ab Dire \u00bb et \u00ab Faire \u00bb sont un seul et m\u00eame verbe.<\/span><\/li>\n<li><span lang=\"FR-BE\" xml:lang=\"FR-BE\">Mon \u00e9tat d&#8217;\u00e2me est celui d&#8217;un noble Samoura\u00ef.<\/span><\/li>\n<li><span lang=\"FR-BE\" xml:lang=\"FR-BE\">Sauf en cas d&#8217;agression, je ne divulguerai jamais les techniques \u00e9tudi\u00e9es. <\/span><\/li>\n<\/ol>\n","protected":false},"excerpt":{"rendered":"<p>CODE D&#8217;HONNEUR DU PRATIQUANT DE JU-JUTSU ET DE KO-BU-JUTSU &nbsp; Je ne d\u00e9tiens pas la v\u00e9rit\u00e9 dans mon art. Modeste chercheur et pratiquant, j&#8217;ai conscience de mes imperfections. Je donne le meilleur de moi-m\u00eame, pour mieux recevoir et mieux comprendre. Je m&#8217;inspire des meilleurs tout en agissant de mani\u00e8re personnelle. Je fais preuve d&#8217;humilit\u00e9 et [&hellip;]<\/p>\n","protected":false},"author":1,"featured_media":0,"parent":0,"menu_order":3,"comment_status":"closed","ping_status":"open","template":"","meta":{"footnotes":""},"class_list":["post-54","page","type-page","status-publish","hentry"],"_links":{"self":[{"href":"https:\/\/jujutsu-rebecq.be\/index.php\/wp-json\/wp\/v2\/pages\/54","targetHints":{"allow":["GET"]}}],"collection":[{"href":"https:\/\/jujutsu-rebecq.be\/index.php\/wp-json\/wp\/v2\/pages"}],"about":[{"href":"https:\/\/jujutsu-rebecq.be\/index.php\/wp-json\/wp\/v2\/types\/page"}],"author":[{"embeddable":true,"href":"https:\/\/jujutsu-rebecq.be\/index.php\/wp-json\/wp\/v2\/users\/1"}],"replies":[{"embeddable":true,"href":"https:\/\/jujutsu-rebecq.be\/index.php\/wp-json\/wp\/v2\/comments?post=54"}],"version-history":[{"count":1,"href":"https:\/\/jujutsu-rebecq.be\/index.php\/wp-json\/wp\/v2\/pages\/54\/revisions"}],"predecessor-version":[{"id":1543,"href":"https:\/\/jujutsu-rebecq.be\/index.php\/wp-json\/wp\/v2\/pages\/54\/revisions\/1543"}],"wp:attachment":[{"href":"https:\/\/jujutsu-rebecq.be\/index.php\/wp-json\/wp\/v2\/media?parent=54"}],"curies":[{"name":"wp","href":"https:\/\/api.w.org\/{rel}","templated":true}]}}