{"id":56,"date":"2015-06-11T15:57:55","date_gmt":"2015-06-11T13:57:55","guid":{"rendered":"http:\/\/localhost:8080\/wordpress\/?page_id=56"},"modified":"2024-11-12T09:59:58","modified_gmt":"2024-11-12T08:59:58","slug":"lecusson-du-merite","status":"publish","type":"page","link":"https:\/\/jujutsu-rebecq.be\/index.php\/lecusson-du-merite\/","title":{"rendered":"L&#8217;\u00e9cusson du m\u00e9rite"},"content":{"rendered":"<div style=\"background-image: url('http:\/\/www.jujutsu-rebecq.be\/wp-content\/uploads\/2015\/06\/photomeritemariejopierre.jpg'); background-repeat: no-repeat; margin-top: 20px; padding-top: 510px; padding-bottom: 30px;\">\n<p style=\"text-align: justify; padding-left: 15px; padding-right: 15px;\">Lors de la c\u00e9r\u00e9monie du kagami-biraki de ce 23 janvier 2009, le Comit\u00e9 d&#8217;encadrement et des f\u00eates du Ju-Jutsu et Ko-Bu-Jutsu Club Rebecq a honor\u00e9 Marie-Jos\u00e9 DEGEYTER et son \u00e9poux Pierre DORSSERS en leur octroyant l&#8217;\u00e9cusson du m\u00e9rite du club. Cet \u00e9cusson repr\u00e9sente la plus haute distinction d\u00e9cern\u00e9e par le club \u00e0 des membres particuli\u00e8rement actifs et d\u00e9vou\u00e9s dans l&#8217;organisation et la gestion du club, mais aussi dans l&#8217;encadrement des cours, particuli\u00e8rement ceux dispens\u00e9s \u00e0 nos ch\u00e8res t\u00eates blondes.<br \/>\nMarie-Jo et Pierre se d\u00e9vouent pour le club depuis de nombreuses ann\u00e9es et s&#8217;y impliquent corps et \u00e2me, tant au niveau de la gestion que de l&#8217;encadrement. En leur d\u00e9cernant l&#8217;\u00e9cusson du m\u00e9rite, le club a voulu leur t\u00e9moigner sa reconnaissance.<\/p>\n<\/div>\n<p style=\"text-align: center;\"><a href=\"http:\/\/www.jujutsu-rebecq.be\/wp-content\/uploads\/2015\/06\/diplome_pierre600.jpg\"><img loading=\"lazy\" decoding=\"async\" class=\"aligncenter size-full wp-image-148\" src=\"http:\/\/www.jujutsu-rebecq.be\/wp-content\/uploads\/2015\/06\/diplome_pierre600.jpg\" alt=\"diplome_pierre600\" width=\"600\" height=\"424\" \/><\/a> <a href=\"http:\/\/www.jujutsu-rebecq.be\/wp-content\/uploads\/2015\/06\/diplome_mariejo600.jpg\"><img loading=\"lazy\" decoding=\"async\" class=\"aligncenter size-full wp-image-147\" src=\"http:\/\/www.jujutsu-rebecq.be\/wp-content\/uploads\/2015\/06\/diplome_mariejo600.jpg\" alt=\"diplome_mariejo600\" width=\"600\" height=\"424\" \/><\/a><\/p>\n","protected":false},"excerpt":{"rendered":"<p>Lors de la c\u00e9r\u00e9monie du kagami-biraki de ce 23 janvier 2009, le Comit\u00e9 d&#8217;encadrement et des f\u00eates du Ju-Jutsu et Ko-Bu-Jutsu Club Rebecq a honor\u00e9 Marie-Jos\u00e9 DEGEYTER et son \u00e9poux Pierre DORSSERS en leur octroyant l&#8217;\u00e9cusson du m\u00e9rite du club. Cet \u00e9cusson repr\u00e9sente la plus haute distinction d\u00e9cern\u00e9e par le club \u00e0 des membres particuli\u00e8rement [&hellip;]<\/p>\n","protected":false},"author":1,"featured_media":0,"parent":0,"menu_order":5,"comment_status":"closed","ping_status":"closed","template":"","meta":{"footnotes":""},"class_list":["post-56","page","type-page","status-publish","hentry"],"_links":{"self":[{"href":"https:\/\/jujutsu-rebecq.be\/index.php\/wp-json\/wp\/v2\/pages\/56","targetHints":{"allow":["GET"]}}],"collection":[{"href":"https:\/\/jujutsu-rebecq.be\/index.php\/wp-json\/wp\/v2\/pages"}],"about":[{"href":"https:\/\/jujutsu-rebecq.be\/index.php\/wp-json\/wp\/v2\/types\/page"}],"author":[{"embeddable":true,"href":"https:\/\/jujutsu-rebecq.be\/index.php\/wp-json\/wp\/v2\/users\/1"}],"replies":[{"embeddable":true,"href":"https:\/\/jujutsu-rebecq.be\/index.php\/wp-json\/wp\/v2\/comments?post=56"}],"version-history":[{"count":1,"href":"https:\/\/jujutsu-rebecq.be\/index.php\/wp-json\/wp\/v2\/pages\/56\/revisions"}],"predecessor-version":[{"id":1545,"href":"https:\/\/jujutsu-rebecq.be\/index.php\/wp-json\/wp\/v2\/pages\/56\/revisions\/1545"}],"wp:attachment":[{"href":"https:\/\/jujutsu-rebecq.be\/index.php\/wp-json\/wp\/v2\/media?parent=56"}],"curies":[{"name":"wp","href":"https:\/\/api.w.org\/{rel}","templated":true}]}}