{"id":60,"date":"2015-06-11T15:59:00","date_gmt":"2015-06-11T13:59:00","guid":{"rendered":"http:\/\/localhost:8080\/wordpress\/?page_id=60"},"modified":"2024-11-12T09:59:58","modified_gmt":"2024-11-12T08:59:58","slug":"le-president","status":"publish","type":"page","link":"https:\/\/jujutsu-rebecq.be\/index.php\/le-president\/","title":{"rendered":"Le pr\u00e9sident"},"content":{"rendered":"<h3 style=\"text-align: center;\">Notre Sensei \u00e0 l&#8217;honneur,<br \/>\nallier boulot et hobby, la recette du bonheur<\/h3>\n<p><a href=\"http:\/\/www.jujutsu-rebecq.be\/wp-content\/uploads\/2015\/06\/sensei-honneur-1.jpg\"><img loading=\"lazy\" decoding=\"async\" class=\"aligncenter size-full wp-image-167\" src=\"http:\/\/www.jujutsu-rebecq.be\/wp-content\/uploads\/2015\/06\/sensei-honneur-1.jpg\" alt=\"sensei honneur 1\" width=\"378\" height=\"279\" \/><\/a><\/p>\n<p style=\"text-align: justify;\" align=\"left\"><a href=\"http:\/\/www.jujutsu-rebecq.be\/wp-content\/uploads\/2015\/06\/sensei-honneur-2.jpg\"><img loading=\"lazy\" decoding=\"async\" class=\"aligncenter size-full wp-image-167\" src=\"http:\/\/www.jujutsu-rebecq.be\/wp-content\/uploads\/2015\/06\/sensei-honneur-1.jpg\" alt=\"sensei honneur 1\" width=\"378\" height=\"279\" \/><\/a><br \/>\nApr\u00e8s une formation intensive \u00e0 la Section GBH de l&#8217;Ecole F\u00e9d\u00e9rale de Police \u00e0 Etterbeek, notre sensei, directeur \u00e0 l&#8217;Administration des douanes et accises, est officiellement brevet\u00e9 comme moniteur de self-d\u00e9fense au sein de cette administration. D\u00e8s le 19 avril 2006, il entra\u00eenera le personnel des services actifs (brigades motoris\u00e9es et services des recherches) \u00e0 la caserne du 2e Bataillon Commando de Flawinnes.<\/p>\n<h3 class=\"body_titre\" style=\"text-align: center;\">PARCOURS D&#8217;UN INSTRUCTEUR<br \/>\n(Jean-Louis WEYLAND)<\/h3>\n<p align=\"center\"><a href=\"http:\/\/www.jujutsu-rebecq.be\/wp-content\/uploads\/2015\/06\/jl-parcours.png\"><img loading=\"lazy\" decoding=\"async\" class=\"aligncenter size-full wp-image-169\" src=\"http:\/\/www.jujutsu-rebecq.be\/wp-content\/uploads\/2015\/06\/jl-parcours.png\" alt=\"jl-parcours\" width=\"554\" height=\"438\" \/><\/a><em>35 ans s\u00e9parent ces deux photos. <\/em><\/p>\n<p style=\"text-align: justify;\"><span lang=\"fr\" xml:lang=\"fr\">C&#8217;est en effet en 1968 que j&#8217;ai t\u00e2t\u00e9 pour la premi\u00e8re fois du judo \u00e0 l&#8217;Institut Sainte-Marie \u00e0 Arlon, avec Monsieur Puttars.<\/span><\/p>\n<p style=\"text-align: justify;\" align=\"left\"><span lang=\"fr\" xml:lang=\"fr\">C&#8217;est toutefois en 1971 que j&#8217;ai r\u00e9ellement d\u00e9couvert le judo \/ ju-jutsu au Judo-Club de Stockem avec Ma\u00eetre Jacques QUERO, professeur fran\u00e7ais dipl\u00f4m\u00e9 d&#8217;Etat, pour lequel j&#8217;ai conserv\u00e9 beaucoup d&#8217;admiration. Ses cours comportaient une heure de judo et une demi-heure de ju-jutsu. Inutile de vous dire que c&#8217;est surtout pour cette demi-heure de ju-jutsu que je foulais le tatami.<\/span><\/p>\n<p style=\"text-align: justify;\" align=\"left\"><span lang=\"fr\" xml:lang=\"fr\">En 1973, gr\u00e2ce aux r\u00e9sultats que j&#8217;obtiens au cours des comp\u00e9titions provinciales et nationales de judo, la Commission Sportive de la Ligue Belge de Judo m&#8217;invite aux entra\u00eenements r\u00e9gionaux et nationaux o\u00f9 se r\u00e9unissent les meilleurs judokas.<\/span><\/p>\n<p style=\"text-align: justify;\" align=\"left\"><span lang=\"fr\" xml:lang=\"fr\">En raison d&#8217;obligations professionnelles qui m&#8217;am\u00e8nent successivement \u00e0 Li\u00e8ge et \u00e0 Bruxelles, je d\u00e9laisse tr\u00e8s t\u00f4t la comp\u00e9tition judo qui ne correspond pas r\u00e9ellement \u00e0 mon id\u00e9al martial et je m&#8217;initie successivement \u00e0 d&#8217;autres disciplines dans des clubs li\u00e9geois et bruxellois.<\/span><\/p>\n<p style=\"text-align: justify;\" align=\"left\"><span lang=\"fr\" xml:lang=\"fr\">Install\u00e9 \u00e0 Rebecq au d\u00e9but des ann\u00e9es 90, je m&#8217;inscris au club de judo\/ju-jutsu \u00ab Le Saule \u00bb \u00e0 Clabecq o\u00f9 je m&#8217;entra\u00eene sous la direction de M. Richard ROSE, qui me pr\u00e9pare \u00e0 l&#8217;examen de ceinture noire 1er dan de ju-jutsu. Le 28 novembre 1992, je passe avec succ\u00e8s l&#8217;examen de 1er dan de ju-jutsu devant la Commission des grades de la Ligue Francophone de Judo et je suis admis au sein du Coll\u00e8ge des ceintures noires de Belgique.<\/span><\/p>\n<p style=\"text-align: justify;\" align=\"left\">D\u00e9sireux de parfaire mes connaissances et ma technique, je rejoins, en novembre 1996, le Yawara Club Jiu-Jitsu \u00e0 Hennuy\u00e8res o\u00f9 MM. Jean PRINS et Jean-Pierre HASEY m&#8217;enseignent les techniques d&#8217;un ju-jutsu ax\u00e9 avant tout sur l&#8217;art des luxations. J&#8217;obtiens mon 2e dan de ju-jutsu le 15 janvier 1997.<\/p>\n<p style=\"text-align: justify;\" align=\"left\"><span lang=\"fr\" xml:lang=\"fr\">Titulaire d&#8217;un 1er kyu en judo, d&#8217;un 1er dan de jo-jutsu, d&#8217;un 2e dan d&#8217;a\u00efki-jutsu et d&#8217;un 2e dan de ju-jutsu, je d\u00e9cide, en 1999, d&#8217;ouvrir ma propre \u00e9cole et c&#8217;est ainsi que le JU-JUTSU REBECQ voit le jour.<\/span><\/p>\n<p style=\"text-align: justify;\" align=\"left\">3e dan de ju-jutsu depuis le 30 janvier 2001, dipl\u00f4m\u00e9 du Japon le 19 octobre 2002 par la Da\u00ef Nippon Butoku Ka\u00ef \u00e0 Kyoto, je poursuis ma Voie tout en transmettant \u00e0 mes \u00e9l\u00e8ves le \u00ab savoir \u00bb accumul\u00e9 au cours de mes ann\u00e9es de pratique et de recherche, pour qu&#8217;\u00e0 leur tour ils puissent un jour l&#8217;enseigner \u00e0 d&#8217;autres dans le respect de nos valeurs.<\/p>\n<p style=\"text-align: justify;\" align=\"left\">7e Dan actuellement.<\/p>\n","protected":false},"excerpt":{"rendered":"<p>Notre Sensei \u00e0 l&#8217;honneur, allier boulot et hobby, la recette du bonheur Apr\u00e8s une formation intensive \u00e0 la Section GBH de l&#8217;Ecole F\u00e9d\u00e9rale de Police \u00e0 Etterbeek, notre sensei, directeur \u00e0 l&#8217;Administration des douanes et accises, est officiellement brevet\u00e9 comme moniteur de self-d\u00e9fense au sein de cette administration. D\u00e8s le 19 avril 2006, il entra\u00eenera [&hellip;]<\/p>\n","protected":false},"author":1,"featured_media":0,"parent":0,"menu_order":1,"comment_status":"closed","ping_status":"closed","template":"","meta":{"footnotes":""},"class_list":["post-60","page","type-page","status-publish","hentry"],"_links":{"self":[{"href":"https:\/\/jujutsu-rebecq.be\/index.php\/wp-json\/wp\/v2\/pages\/60","targetHints":{"allow":["GET"]}}],"collection":[{"href":"https:\/\/jujutsu-rebecq.be\/index.php\/wp-json\/wp\/v2\/pages"}],"about":[{"href":"https:\/\/jujutsu-rebecq.be\/index.php\/wp-json\/wp\/v2\/types\/page"}],"author":[{"embeddable":true,"href":"https:\/\/jujutsu-rebecq.be\/index.php\/wp-json\/wp\/v2\/users\/1"}],"replies":[{"embeddable":true,"href":"https:\/\/jujutsu-rebecq.be\/index.php\/wp-json\/wp\/v2\/comments?post=60"}],"version-history":[{"count":1,"href":"https:\/\/jujutsu-rebecq.be\/index.php\/wp-json\/wp\/v2\/pages\/60\/revisions"}],"predecessor-version":[{"id":1541,"href":"https:\/\/jujutsu-rebecq.be\/index.php\/wp-json\/wp\/v2\/pages\/60\/revisions\/1541"}],"wp:attachment":[{"href":"https:\/\/jujutsu-rebecq.be\/index.php\/wp-json\/wp\/v2\/media?parent=60"}],"curies":[{"name":"wp","href":"https:\/\/api.w.org\/{rel}","templated":true}]}}